{"id":12043,"date":"2022-11-24T21:22:12","date_gmt":"2022-11-24T21:22:12","guid":{"rendered":"https:\/\/katherinevelez.com\/?page_id=12043"},"modified":"2022-11-24T21:23:35","modified_gmt":"2022-11-24T21:23:35","slug":"envios-garantias-y-cuidados","status":"publish","type":"page","link":"https:\/\/katherinevelez.com\/?page_id=12043","title":{"rendered":"Envios, garantias y cuidados"},"content":{"rendered":"<p>Fecha de entrega apartir de la compra de 8 a 10 d\u00edas fuera de cali<br>En cali 2 a 3 d\u00edas h\u00e1biles<\/p><p><strong>Cuidados:<\/strong><br>-Evita el contacto directo con tus lociones y perfumes<\/p><ul><li>No traigas puestos los accesorios mientras est\u00e1s haciendo ejercicio o alg\u00fan deporte. La acidez del sudor puede manchar la pieza o disminuir su durabilidad.<\/li>\n\n<li>No limpies las piezas con detergentes, agentes de pulimento, limpiadores de joyas, carbonato, lim\u00f3n, jab\u00f3n lava trastes, \u00e1cido, mercurio, etc.<\/li>\n\n<li>La durabilidad de las piezas depender\u00e1 del PH de cada persona.<\/li>\n\n<li>no mojes tus accesorios<br>Utiliza las cajas y\/o bolsitas que Katherine V\u00e9lez te env\u00eda en tus accesorios para evitar el da\u00f1o por fricci\u00f3n con otras de tus joyas.<br><strong>Garant\u00eda:<\/strong><br>-La garant\u00eda no cubre rotura de las piedras, ni desprendimiento de las perlas por el mal uso que se presente de la misma.<br>-Por salubridad los art\u00edculos como lo son aretes \u00f3 topos no tendr\u00e1n cavidad para devoluci\u00f3n.<br>-Antes de comprar la pieza revisar que las piedras y la calidad del producto sea el deseado.<br>-Recuerde que a la hora de solicitar una devoluci\u00f3n de alg\u00fan producto, el costo del envi\u00f3 sera asumido por el remitente de la compra a la que desea acceder el cambio, entregue las joyas sin haber sido usadas y con el empaque en perfectas condiciones.<\/li><\/ul><p><strong>ADVERTENCIA:<\/strong><br>La perdida de color no esta contemplada como garant\u00eda ya que esto esta asociado a un mal cuidado de la pieza o un largo tiempo de uso.<\/p>","protected":false},"excerpt":{"rendered":"<p>Fecha de entrega apartir de la compra de 8 a 10 d\u00edas fuera de caliEn cali 2 a 3 d\u00edas h\u00e1biles Cuidados:-Evita el contacto directo con tus lociones y perfumes ADVERTENCIA:La perdida de color no esta contemplada como garant\u00eda ya que esto esta asociado a un mal cuidado de la pieza o un largo tiempo [&hellip;]<\/p>\n","protected":false},"author":1,"featured_media":0,"parent":0,"menu_order":0,"comment_status":"closed","ping_status":"closed","template":"","meta":{"_joinchat":[],"footnotes":""},"jetpack_sharing_enabled":true,"_links":{"self":[{"href":"https:\/\/katherinevelez.com\/index.php?rest_route=\/wp\/v2\/pages\/12043"}],"collection":[{"href":"https:\/\/katherinevelez.com\/index.php?rest_route=\/wp\/v2\/pages"}],"about":[{"href":"https:\/\/katherinevelez.com\/index.php?rest_route=\/wp\/v2\/types\/page"}],"author":[{"embeddable":true,"href":"https:\/\/katherinevelez.com\/index.php?rest_route=\/wp\/v2\/users\/1"}],"replies":[{"embeddable":true,"href":"https:\/\/katherinevelez.com\/index.php?rest_route=%2Fwp%2Fv2%2Fcomments&post=12043"}],"version-history":[{"count":1,"href":"https:\/\/katherinevelez.com\/index.php?rest_route=\/wp\/v2\/pages\/12043\/revisions"}],"predecessor-version":[{"id":12044,"href":"https:\/\/katherinevelez.com\/index.php?rest_route=\/wp\/v2\/pages\/12043\/revisions\/12044"}],"wp:attachment":[{"href":"https:\/\/katherinevelez.com\/index.php?rest_route=%2Fwp%2Fv2%2Fmedia&parent=12043"}],"curies":[{"name":"wp","href":"https:\/\/api.w.org\/{rel}","templated":true}]}}